{"id":12,"date":"2018-09-20T13:28:16","date_gmt":"2018-09-20T11:28:16","guid":{"rendered":"https:\/\/www.signum.at\/Newsletter\/?page_id=12"},"modified":"2018-12-11T16:47:22","modified_gmt":"2018-12-11T15:47:22","slug":"wissenswertes","status":"publish","type":"page","link":"https:\/\/www.signum.at\/Newsletter\/wissenswertes\/","title":{"rendered":"Energieeinsparung in Unternehmen"},"content":{"rendered":"\t\t<div data-elementor-type=\"wp-post\" data-elementor-id=\"12\" class=\"elementor elementor-12 elementor-bc-flex-widget\">\n\t\t\t\t\t\t<div class=\"elementor-inner\">\n\t\t\t\t<div class=\"elementor-section-wrap\">\n\t\t\t\t\t\t\t\t\t<section class=\"elementor-section elementor-top-section elementor-element elementor-element-f9c0928 elementor-section-boxed elementor-section-height-default elementor-section-height-default\" data-id=\"f9c0928\" data-element_type=\"section\">\n\t\t\t\t\t\t<div class=\"elementor-container elementor-column-gap-default\">\n\t\t\t\t\t\t\t<div class=\"elementor-row\">\n\t\t\t\t\t<div class=\"elementor-column elementor-col-100 elementor-top-column elementor-element elementor-element-c51c798\" data-id=\"c51c798\" data-element_type=\"column\">\n\t\t\t<div class=\"elementor-column-wrap elementor-element-populated\">\n\t\t\t\t\t\t\t<div class=\"elementor-widget-wrap\">\n\t\t\t\t\t\t<div class=\"elementor-element elementor-element-570c060 elementor-widget elementor-widget-text-editor\" data-id=\"570c060\" data-element_type=\"widget\" data-widget_type=\"text-editor.default\">\n\t\t\t\t<div class=\"elementor-widget-container\">\n\t\t\t\t\t\t\t\t<div class=\"elementor-text-editor elementor-clearfix\">\n\t\t\t\t<h2><span style=\"color: #666699;\">ENERGIE-EINSPARUNG IN UNTERNEHMEN<\/span><\/h2>\t\t\t\t\t<\/div>\n\t\t\t\t\t\t<\/div>\n\t\t\t\t<\/div>\n\t\t\t\t<section class=\"elementor-section elementor-inner-section elementor-element elementor-element-183b528 elementor-section-full_width elementor-section-height-default elementor-section-height-default\" data-id=\"183b528\" data-element_type=\"section\">\n\t\t\t\t\t\t<div class=\"elementor-container elementor-column-gap-wide\">\n\t\t\t\t\t\t\t<div class=\"elementor-row\">\n\t\t\t\t\t<div class=\"elementor-column elementor-col-50 elementor-inner-column elementor-element elementor-element-797599c\" data-id=\"797599c\" data-element_type=\"column\">\n\t\t\t<div class=\"elementor-column-wrap elementor-element-populated\">\n\t\t\t\t\t\t\t<div class=\"elementor-widget-wrap\">\n\t\t\t\t\t\t<div class=\"elementor-element elementor-element-f897581 elementor-widget elementor-widget-heading\" data-id=\"f897581\" data-element_type=\"widget\" data-widget_type=\"heading.default\">\n\t\t\t\t<div class=\"elementor-widget-container\">\n\t\t\t<h2 class=\"elementor-heading-title elementor-size-medium\">ENERGIE-EFFIZIENZGESETZ<\/h2>\t\t<\/div>\n\t\t\t\t<\/div>\n\t\t\t\t<div class=\"elementor-element elementor-element-0dc87f9 elementor-widget elementor-widget-text-editor\" data-id=\"0dc87f9\" data-element_type=\"widget\" data-widget_type=\"text-editor.default\">\n\t\t\t\t<div class=\"elementor-widget-container\">\n\t\t\t\t\t\t\t\t<div class=\"elementor-text-editor elementor-clearfix\">\n\t\t\t\t<p><span style=\"letter-spacing: 0px;\">Ein jedem ist mittlerweile klar, dass Ressourcen in Zukunft knapp werden k\u00f6nnen, wenn wir nichts unternehmen. Strom\/Energie wird immer wichtiger bei der F\u00fclle an elektronischen Ger\u00e4ten, ob das nun im privaten Bereich ist oder in der Industrie. Doch wie kann der immense Energieverbrauch gehandelt werden, bei den stark schwindenden Ressourcen?<\/span><\/p><p>2005 wurde dazu der Grundstein in der EU, durch das sogenannte &#8222;20-20-20 Ziel&#8220; (Richtlinien- und Zielpaket f\u00fcr Klimaschutz und Energie) gelegt (Energieeffizienzrichtlinie 2012\/27\/EU). Dieses schreibt auf gesamteurop\u00e4ischer Ebene eine Reduktion der Treibhausgasemissionen im Umfang von 20%, einen Ausbau der erneuerbaren Energien auf 20% und eine Verbesserung der Energieeffizienz im Umfang von 20% vor.<\/p>\t\t\t\t\t<\/div>\n\t\t\t\t\t\t<\/div>\n\t\t\t\t<\/div>\n\t\t\t\t\t\t<\/div>\n\t\t\t\t\t<\/div>\n\t\t<\/div>\n\t\t\t\t<div class=\"elementor-column elementor-col-50 elementor-inner-column elementor-element elementor-element-62d1988\" data-id=\"62d1988\" data-element_type=\"column\">\n\t\t\t<div class=\"elementor-column-wrap elementor-element-populated\">\n\t\t\t\t\t\t\t<div class=\"elementor-widget-wrap\">\n\t\t\t\t\t\t<div class=\"elementor-element elementor-element-2eb818c elementor-widget elementor-widget-image\" data-id=\"2eb818c\" data-element_type=\"widget\" data-widget_type=\"image.default\">\n\t\t\t\t<div class=\"elementor-widget-container\">\n\t\t\t\t\t\t\t\t<div class=\"elementor-image\">\n\t\t\t\t\t\t\t\t\t\t\t\t<img decoding=\"async\" width=\"188\" height=\"267\" src=\"https:\/\/www.signum.at\/Newsletter\/wp-content\/uploads\/2018\/11\/gr\u00fcn_Zeichenfl\u00e4che-1.jpg\" class=\"attachment-large size-large\" alt=\"\" \/>\t\t\t\t\t\t\t\t\t\t\t\t\t\t<\/div>\n\t\t\t\t\t\t<\/div>\n\t\t\t\t<\/div>\n\t\t\t\t<div class=\"elementor-element elementor-element-f4446c8 elementor-widget elementor-widget-text-editor\" data-id=\"f4446c8\" data-element_type=\"widget\" data-widget_type=\"text-editor.default\">\n\t\t\t\t<div class=\"elementor-widget-container\">\n\t\t\t\t\t\t\t\t<div class=\"elementor-text-editor elementor-clearfix\">\n\t\t\t\t<p>Am 9. Juli 2014 wurde das Gesetz mit der erforderlichen Verfassungsmehrheit vom Nationalrat beschlossen und trat in einigen Teilen bereits am Folgetag der Kundmachung (also dem 12. August 2014) in Kraft. In einigen weiteren Teilen &#8211; wie zum Beispiel das Verpflichtungssystem f\u00fcr Unternehmen und Energielieferanten \u2013 wurde das Gesetz mit 1. J\u00e4nner 2015 umgesetzt.<\/p>\t\t\t\t\t<\/div>\n\t\t\t\t\t\t<\/div>\n\t\t\t\t<\/div>\n\t\t\t\t\t\t<\/div>\n\t\t\t\t\t<\/div>\n\t\t<\/div>\n\t\t\t\t\t\t\t\t<\/div>\n\t\t\t\t\t<\/div>\n\t\t<\/section>\n\t\t\t\t<section class=\"elementor-section elementor-inner-section elementor-element elementor-element-89c8351 elementor-section-boxed elementor-section-height-default elementor-section-height-default\" data-id=\"89c8351\" data-element_type=\"section\">\n\t\t\t\t\t\t<div class=\"elementor-container elementor-column-gap-default\">\n\t\t\t\t\t\t\t<div class=\"elementor-row\">\n\t\t\t\t\t<div class=\"elementor-column elementor-col-50 elementor-inner-column elementor-element elementor-element-58d6988\" data-id=\"58d6988\" data-element_type=\"column\">\n\t\t\t<div class=\"elementor-column-wrap elementor-element-populated\">\n\t\t\t\t\t\t\t<div class=\"elementor-widget-wrap\">\n\t\t\t\t\t\t<div class=\"elementor-element elementor-element-27f7d0b elementor-widget elementor-widget-heading\" data-id=\"27f7d0b\" data-element_type=\"widget\" data-widget_type=\"heading.default\">\n\t\t\t\t<div class=\"elementor-widget-container\">\n\t\t\t<h2 class=\"elementor-heading-title elementor-size-medium\">VERPFLICHTUNGEN<\/h2>\t\t<\/div>\n\t\t\t\t<\/div>\n\t\t\t\t<div class=\"elementor-element elementor-element-afecd09 elementor-widget elementor-widget-text-editor\" data-id=\"afecd09\" data-element_type=\"widget\" data-widget_type=\"text-editor.default\">\n\t\t\t\t<div class=\"elementor-widget-container\">\n\t\t\t\t\t\t\t\t<div class=\"elementor-text-editor elementor-clearfix\">\n\t\t\t\t<p>F\u00fcr Energielieferanten hat die Verpflichtung zu Energieeinsparungen am 1. J\u00e4nner 2015 begonnen.<\/p><p>Dabei gilt: Energielieferanten haben &#8211; sofern sie 25 GWh oder mehr an \u00f6sterr. Endenergieverbraucher absetzen &#8211; die Durchf\u00fchrung von Energieeffizienzma\u00dfnahmen bei ihren eigenen oder fremden Endkunden oder bei sich selbst im Umfang von 0,6% ihrer Vorjahresenergieabs\u00e4tze nachzuweisen.<\/p><p>Gro\u00dfe Unternehmen m\u00fcssen ein Energieaudit durchf\u00fchren, sofern sie nicht ein Energiemanagementsystem einrichten.<\/p>\t\t\t\t\t<\/div>\n\t\t\t\t\t\t<\/div>\n\t\t\t\t<\/div>\n\t\t\t\t\t\t<\/div>\n\t\t\t\t\t<\/div>\n\t\t<\/div>\n\t\t\t\t<div class=\"elementor-column elementor-col-50 elementor-inner-column elementor-element elementor-element-4e9c2b0\" data-id=\"4e9c2b0\" data-element_type=\"column\">\n\t\t\t<div class=\"elementor-column-wrap elementor-element-populated\">\n\t\t\t\t\t\t\t<div class=\"elementor-widget-wrap\">\n\t\t\t\t\t\t<div class=\"elementor-element elementor-element-a53f680 elementor-widget elementor-widget-spacer\" data-id=\"a53f680\" data-element_type=\"widget\" data-widget_type=\"spacer.default\">\n\t\t\t\t<div class=\"elementor-widget-container\">\n\t\t\t\t\t<div class=\"elementor-spacer\">\n\t\t\t<div class=\"elementor-spacer-inner\"><\/div>\n\t\t<\/div>\n\t\t\t\t<\/div>\n\t\t\t\t<\/div>\n\t\t\t\t<div class=\"elementor-element elementor-element-281d8ce elementor-widget elementor-widget-text-editor\" data-id=\"281d8ce\" data-element_type=\"widget\" data-widget_type=\"text-editor.default\">\n\t\t\t\t<div class=\"elementor-widget-container\">\n\t\t\t\t\t\t\t\t<div class=\"elementor-text-editor elementor-clearfix\">\n\t\t\t\t<p><span style=\"letter-spacing: 0px;\">Gem\u00e4\u00df \u00a7 9 Abs. 2 haben gro\u00dfe Unternehmen in \u00d6sterreich zumindest alle vier Jahre ein externes Energieaudit durchzuf\u00fchren oder ein zertifiziertes Energie- oder Umweltmanagementsystem samt einem internen oder externen Energieaudit ab dem 1.\u00a0J\u00e4nner 2015 einzuf\u00fchren.<\/span><\/p><p>Wenn die Verpflichtungen nicht erf\u00fcllt werden, k\u00f6nnen alternativ auch Ausgleichszahlungen mit schuldbefreiender Wirkung geleistet werden, die in einen Topf zur F\u00f6rderung von Ersatz-Energieeffizienzma\u00dfnahmen flie\u00dfen.<\/p>\t\t\t\t\t<\/div>\n\t\t\t\t\t\t<\/div>\n\t\t\t\t<\/div>\n\t\t\t\t\t\t<\/div>\n\t\t\t\t\t<\/div>\n\t\t<\/div>\n\t\t\t\t\t\t\t\t<\/div>\n\t\t\t\t\t<\/div>\n\t\t<\/section>\n\t\t\t\t<div class=\"elementor-element elementor-element-31fda86 elementor-widget elementor-widget-heading\" data-id=\"31fda86\" data-element_type=\"widget\" data-widget_type=\"heading.default\">\n\t\t\t\t<div class=\"elementor-widget-container\">\n\t\t\t<h2 class=\"elementor-heading-title elementor-size-default\">WIE STEHT ES NUN UM DIE KMU\u2019s (Klein und mittelst\u00e4ndische Unternehmen)<\/h2>\t\t<\/div>\n\t\t\t\t<\/div>\n\t\t\t\t<div class=\"elementor-element elementor-element-4dd6283 elementor-widget elementor-widget-text-editor\" data-id=\"4dd6283\" data-element_type=\"widget\" data-widget_type=\"text-editor.default\">\n\t\t\t\t<div class=\"elementor-widget-container\">\n\t\t\t\t\t\t\t\t<div class=\"elementor-text-editor elementor-clearfix\">\n\t\t\t\t<p><span style=\"letter-spacing: 0px;\">Das Energieeffizienzgesetz (EEffG) enth\u00e4lt keine gesetzlichen Verpflichtungen f\u00fcr \u201eKlein und mittelst\u00e4ndischen Unternehmen\u201c. Werden jedoch Einsparma\u00dfnahmen durchgef\u00fchrt, besteht die M\u00f6glichkeit, die daraus resultierenden Energieeinspareinheiten an einen Energielieferanten oder an Dritte zu verkaufen.<\/span><\/p><p style=\"text-align: center;\"><span style=\"color: #ff0000;\"><b>WIE K\u00d6NNEN WIR &#8211; SIGNUM Industrietechnik GmbH &#8211; IHNEN DABEI HELFEN,<br \/>DIE HOCH GESTECKTEN ZIELE DES \u201eENERGIEEFFIZIENZGESETZ\u201c ZU ERREICHEN?<\/b><\/span><\/p>\t\t\t\t\t<\/div>\n\t\t\t\t\t\t<\/div>\n\t\t\t\t<\/div>\n\t\t\t\t<div class=\"elementor-element elementor-element-0e7a442 elementor-widget elementor-widget-heading\" data-id=\"0e7a442\" data-element_type=\"widget\" data-widget_type=\"heading.default\">\n\t\t\t\t<div class=\"elementor-widget-container\">\n\t\t\t<h2 class=\"elementor-heading-title elementor-size-default\">DAS \u201eSIGNUM\u201c PUMPEN EKG<\/h2>\t\t<\/div>\n\t\t\t\t<\/div>\n\t\t\t\t<section class=\"elementor-section elementor-inner-section elementor-element elementor-element-8b60e71 elementor-section-boxed elementor-section-height-default elementor-section-height-default\" data-id=\"8b60e71\" data-element_type=\"section\">\n\t\t\t\t\t\t<div class=\"elementor-container elementor-column-gap-default\">\n\t\t\t\t\t\t\t<div class=\"elementor-row\">\n\t\t\t\t\t<div class=\"elementor-column elementor-col-50 elementor-inner-column elementor-element elementor-element-828c809\" data-id=\"828c809\" data-element_type=\"column\">\n\t\t\t<div class=\"elementor-column-wrap elementor-element-populated\">\n\t\t\t\t\t\t\t<div class=\"elementor-widget-wrap\">\n\t\t\t\t\t\t<div class=\"elementor-element elementor-element-38d8b18 elementor-widget elementor-widget-text-editor\" data-id=\"38d8b18\" data-element_type=\"widget\" data-widget_type=\"text-editor.default\">\n\t\t\t\t<div class=\"elementor-widget-container\">\n\t\t\t\t\t\t\t\t<div class=\"elementor-text-editor elementor-clearfix\">\n\t\t\t\t<p><span style=\"letter-spacing: 0px;\">Das Hauptziel des Pumpen-EKG ist es, den Energieverbrauch von Pumpen zu errechnen. Zur Berechnung werden die Daten des Typenschildes (Q, H und P2), Pumpenalter und Betriebsstunden herangezogen.<\/span><\/p>\t\t\t\t\t<\/div>\n\t\t\t\t\t\t<\/div>\n\t\t\t\t<\/div>\n\t\t\t\t\t\t<\/div>\n\t\t\t\t\t<\/div>\n\t\t<\/div>\n\t\t\t\t<div class=\"elementor-column elementor-col-50 elementor-inner-column elementor-element elementor-element-8b43be4\" data-id=\"8b43be4\" data-element_type=\"column\">\n\t\t\t<div class=\"elementor-column-wrap elementor-element-populated\">\n\t\t\t\t\t\t\t<div class=\"elementor-widget-wrap\">\n\t\t\t\t\t\t<div class=\"elementor-element elementor-element-836024c elementor-widget elementor-widget-text-editor\" data-id=\"836024c\" data-element_type=\"widget\" data-widget_type=\"text-editor.default\">\n\t\t\t\t<div class=\"elementor-widget-container\">\n\t\t\t\t\t\t\t\t<div class=\"elementor-text-editor elementor-clearfix\">\n\t\t\t\t<p>Das Ergebnis des Einsparpotentials basiert auf der statischen Betrachtung der Typenschilder, also bekannte Faktoren, die Einfluss auf den Energieverbrauch einer Pumpe haben.<\/p>\t\t\t\t\t<\/div>\n\t\t\t\t\t\t<\/div>\n\t\t\t\t<\/div>\n\t\t\t\t\t\t<\/div>\n\t\t\t\t\t<\/div>\n\t\t<\/div>\n\t\t\t\t\t\t\t\t<\/div>\n\t\t\t\t\t<\/div>\n\t\t<\/section>\n\t\t\t\t<div class=\"elementor-element elementor-element-2398a3b elementor-widget elementor-widget-heading\" data-id=\"2398a3b\" data-element_type=\"widget\" data-widget_type=\"heading.default\">\n\t\t\t\t<div class=\"elementor-widget-container\">\n\t\t\t<h2 class=\"elementor-heading-title elementor-size-default\">BERECHNUNG<\/h2>\t\t<\/div>\n\t\t\t\t<\/div>\n\t\t\t\t<div class=\"elementor-element elementor-element-2f3a164 elementor-widget elementor-widget-text-editor\" data-id=\"2f3a164\" data-element_type=\"widget\" data-widget_type=\"text-editor.default\">\n\t\t\t\t<div class=\"elementor-widget-container\">\n\t\t\t\t\t\t\t\t<div class=\"elementor-text-editor elementor-clearfix\">\n\t\t\t\t<p><span style=\"letter-spacing: 0px;\">Die Berechnung des Energieeinsparpotentials durch einen 1 zu 1 Austausch der Pumpen beruht auf folgenden physikalischen Grundlagen.<\/span><\/p>\t\t\t\t\t<\/div>\n\t\t\t\t\t\t<\/div>\n\t\t\t\t<\/div>\n\t\t\t\t<div class=\"elementor-element elementor-element-50fe211 elementor-widget elementor-widget-image\" data-id=\"50fe211\" data-element_type=\"widget\" data-widget_type=\"image.default\">\n\t\t\t\t<div class=\"elementor-widget-container\">\n\t\t\t\t\t\t\t\t<div class=\"elementor-image\">\n\t\t\t\t\t\t\t\t\t\t\t\t<img decoding=\"async\" width=\"861\" height=\"634\" src=\"https:\/\/www.signum.at\/Newsletter\/wp-content\/uploads\/2018\/11\/Bildschirmfoto-2018-11-06-um-21.20.20.png\" class=\"attachment-large size-large\" alt=\"\" srcset=\"https:\/\/www.signum.at\/Newsletter\/wp-content\/uploads\/2018\/11\/Bildschirmfoto-2018-11-06-um-21.20.20-200x147.png 200w, https:\/\/www.signum.at\/Newsletter\/wp-content\/uploads\/2018\/11\/Bildschirmfoto-2018-11-06-um-21.20.20-300x221.png 300w, https:\/\/www.signum.at\/Newsletter\/wp-content\/uploads\/2018\/11\/Bildschirmfoto-2018-11-06-um-21.20.20-400x295.png 400w, https:\/\/www.signum.at\/Newsletter\/wp-content\/uploads\/2018\/11\/Bildschirmfoto-2018-11-06-um-21.20.20-600x442.png 600w, https:\/\/www.signum.at\/Newsletter\/wp-content\/uploads\/2018\/11\/Bildschirmfoto-2018-11-06-um-21.20.20-768x566.png 768w, https:\/\/www.signum.at\/Newsletter\/wp-content\/uploads\/2018\/11\/Bildschirmfoto-2018-11-06-um-21.20.20-800x589.png 800w, https:\/\/www.signum.at\/Newsletter\/wp-content\/uploads\/2018\/11\/Bildschirmfoto-2018-11-06-um-21.20.20.png 861w\" sizes=\"(max-width: 861px) 100vw, 861px\" \/>\t\t\t\t\t\t\t\t\t\t\t\t\t\t<\/div>\n\t\t\t\t\t\t<\/div>\n\t\t\t\t<\/div>\n\t\t\t\t<section class=\"elementor-section elementor-inner-section elementor-element elementor-element-88c2208 elementor-section-boxed elementor-section-height-default elementor-section-height-default\" data-id=\"88c2208\" data-element_type=\"section\">\n\t\t\t\t\t\t<div class=\"elementor-container elementor-column-gap-default\">\n\t\t\t\t\t\t\t<div class=\"elementor-row\">\n\t\t\t\t\t<div class=\"elementor-column elementor-col-50 elementor-inner-column elementor-element elementor-element-255ae76\" data-id=\"255ae76\" data-element_type=\"column\">\n\t\t\t<div class=\"elementor-column-wrap elementor-element-populated\">\n\t\t\t\t\t\t\t<div class=\"elementor-widget-wrap\">\n\t\t\t\t\t\t<div class=\"elementor-element elementor-element-1b75328 elementor-widget elementor-widget-image\" data-id=\"1b75328\" data-element_type=\"widget\" data-widget_type=\"image.default\">\n\t\t\t\t<div class=\"elementor-widget-container\">\n\t\t\t\t\t\t\t\t<div class=\"elementor-image\">\n\t\t\t\t\t\t\t\t\t\t\t\t<img decoding=\"async\" width=\"623\" height=\"687\" src=\"https:\/\/www.signum.at\/Newsletter\/wp-content\/uploads\/2018\/11\/Bildschirmfoto-2018-11-06-um-21.29.23.png\" class=\"attachment-large size-large\" alt=\"\" srcset=\"https:\/\/www.signum.at\/Newsletter\/wp-content\/uploads\/2018\/11\/Bildschirmfoto-2018-11-06-um-21.29.23-200x221.png 200w, https:\/\/www.signum.at\/Newsletter\/wp-content\/uploads\/2018\/11\/Bildschirmfoto-2018-11-06-um-21.29.23-272x300.png 272w, https:\/\/www.signum.at\/Newsletter\/wp-content\/uploads\/2018\/11\/Bildschirmfoto-2018-11-06-um-21.29.23-400x441.png 400w, https:\/\/www.signum.at\/Newsletter\/wp-content\/uploads\/2018\/11\/Bildschirmfoto-2018-11-06-um-21.29.23-600x662.png 600w, https:\/\/www.signum.at\/Newsletter\/wp-content\/uploads\/2018\/11\/Bildschirmfoto-2018-11-06-um-21.29.23.png 623w\" sizes=\"(max-width: 623px) 100vw, 623px\" \/>\t\t\t\t\t\t\t\t\t\t\t\t\t\t<\/div>\n\t\t\t\t\t\t<\/div>\n\t\t\t\t<\/div>\n\t\t\t\t\t\t<\/div>\n\t\t\t\t\t<\/div>\n\t\t<\/div>\n\t\t\t\t<div class=\"elementor-column elementor-col-50 elementor-inner-column elementor-element elementor-element-34462f8\" data-id=\"34462f8\" data-element_type=\"column\">\n\t\t\t<div class=\"elementor-column-wrap elementor-element-populated\">\n\t\t\t\t\t\t\t<div class=\"elementor-widget-wrap\">\n\t\t\t\t\t\t<div class=\"elementor-element elementor-element-203ac7a elementor-widget elementor-widget-image\" data-id=\"203ac7a\" data-element_type=\"widget\" data-widget_type=\"image.default\">\n\t\t\t\t<div class=\"elementor-widget-container\">\n\t\t\t\t\t\t\t\t<div class=\"elementor-image\">\n\t\t\t\t\t\t\t\t\t\t\t\t<img decoding=\"async\" width=\"518\" height=\"382\" src=\"https:\/\/www.signum.at\/Newsletter\/wp-content\/uploads\/2018\/11\/Bildschirmfoto-2018-11-06-um-21.24.17.png\" class=\"attachment-large size-large\" alt=\"\" srcset=\"https:\/\/www.signum.at\/Newsletter\/wp-content\/uploads\/2018\/11\/Bildschirmfoto-2018-11-06-um-21.24.17-200x147.png 200w, https:\/\/www.signum.at\/Newsletter\/wp-content\/uploads\/2018\/11\/Bildschirmfoto-2018-11-06-um-21.24.17-300x221.png 300w, https:\/\/www.signum.at\/Newsletter\/wp-content\/uploads\/2018\/11\/Bildschirmfoto-2018-11-06-um-21.24.17-400x295.png 400w, https:\/\/www.signum.at\/Newsletter\/wp-content\/uploads\/2018\/11\/Bildschirmfoto-2018-11-06-um-21.24.17.png 518w\" sizes=\"(max-width: 518px) 100vw, 518px\" \/>\t\t\t\t\t\t\t\t\t\t\t\t\t\t<\/div>\n\t\t\t\t\t\t<\/div>\n\t\t\t\t<\/div>\n\t\t\t\t\t\t<\/div>\n\t\t\t\t\t<\/div>\n\t\t<\/div>\n\t\t\t\t\t\t\t\t<\/div>\n\t\t\t\t\t<\/div>\n\t\t<\/section>\n\t\t\t\t<div class=\"elementor-element elementor-element-5bbda6d elementor-widget elementor-widget-text-editor\" data-id=\"5bbda6d\" data-element_type=\"widget\" data-widget_type=\"text-editor.default\">\n\t\t\t\t<div class=\"elementor-widget-container\">\n\t\t\t\t\t\t\t\t<div class=\"elementor-text-editor elementor-clearfix\">\n\t\t\t\t<p>Auf Basis der erhaltenden Informationen wurde zus\u00e4tzlich eine Lebenszykluskostenanalyse (LCC-Analyse) der vorhandenen und der Austauschpumpen erstellt. Die Genauigkeit dieser Betrachtungen liegt bei circa \u00b110%<\/p>\t\t\t\t\t<\/div>\n\t\t\t\t\t\t<\/div>\n\t\t\t\t<\/div>\n\t\t\t\t<div class=\"elementor-element elementor-element-29963d7 elementor-widget elementor-widget-heading\" data-id=\"29963d7\" data-element_type=\"widget\" data-widget_type=\"heading.default\">\n\t\t\t\t<div class=\"elementor-widget-container\">\n\t\t\t<h2 class=\"elementor-heading-title elementor-size-default\">BERICHT<\/h2>\t\t<\/div>\n\t\t\t\t<\/div>\n\t\t\t\t<div class=\"elementor-element elementor-element-8bf9796 elementor-widget elementor-widget-text-editor\" data-id=\"8bf9796\" data-element_type=\"widget\" data-widget_type=\"text-editor.default\">\n\t\t\t\t<div class=\"elementor-widget-container\">\n\t\t\t\t\t\t\t\t<div class=\"elementor-text-editor elementor-clearfix\">\n\t\t\t\t<p>Der bei Ihnen aufgenommene Pumpenbestand wird dann in einem mehrseitigen Bericht mit der aktuellen Hocheffizienzpumpe verglichen. Es werden von uns auch Empfehlungen zu einzelnen Pumpen abgegeben, die als sogenannte \u201eEnergiefresser\u201c m\u00f6glichst bald ausgetauscht werden sollten. Im Bericht werden weiters die Gesamteinsparung (kWh), die CO2-Einsparung sowie der ROI (Amortisation) abgebildet.<\/p>\t\t\t\t\t<\/div>\n\t\t\t\t\t\t<\/div>\n\t\t\t\t<\/div>\n\t\t\t\t<div class=\"elementor-element elementor-element-53be9a4 elementor-widget elementor-widget-heading\" data-id=\"53be9a4\" data-element_type=\"widget\" data-widget_type=\"heading.default\">\n\t\t\t\t<div class=\"elementor-widget-container\">\n\t\t\t<h2 class=\"elementor-heading-title elementor-size-default\">Was bringt mir das?\n<\/h2>\t\t<\/div>\n\t\t\t\t<\/div>\n\t\t\t\t<div class=\"elementor-element elementor-element-79659d8 elementor-widget elementor-widget-text-editor\" data-id=\"79659d8\" data-element_type=\"widget\" data-widget_type=\"text-editor.default\">\n\t\t\t\t<div class=\"elementor-widget-container\">\n\t\t\t\t\t\t\t\t<div class=\"elementor-text-editor elementor-clearfix\">\n\t\t\t\t<p>F\u00fcr diejenigen die jetzt sagen, \u201ewas bringt das f\u00fcr mich? Bei meinem aktuellen Strompreis sehe ich keinen Bedarf, da der ROI bei dem Anschaffungspreis einer Neupumpe sehr hoch ist\u201c hier der Auszug zum Thema Strompreisindex (\u00d6SPI) \u2013 https:\/\/www.energyagency.at\/fakten-service\/energie-in-zahlen\/strompreisindex.html<\/p>\t\t\t\t\t<\/div>\n\t\t\t\t\t\t<\/div>\n\t\t\t\t<\/div>\n\t\t\t\t<div class=\"elementor-element elementor-element-01478c7 elementor-widget elementor-widget-heading\" data-id=\"01478c7\" data-element_type=\"widget\" data-widget_type=\"heading.default\">\n\t\t\t\t<div class=\"elementor-widget-container\">\n\t\t\t<h2 class=\"elementor-heading-title elementor-size-default\">Gro\u00dfhandelspreise Strom: 39 % teurer als im Vorjahr<\/h2>\t\t<\/div>\n\t\t\t\t<\/div>\n\t\t\t\t<div class=\"elementor-element elementor-element-c07feb6 elementor-widget elementor-widget-text-editor\" data-id=\"c07feb6\" data-element_type=\"widget\" data-widget_type=\"text-editor.default\">\n\t\t\t\t<div class=\"elementor-widget-container\">\n\t\t\t\t\t\t\t\t<div class=\"elementor-text-editor elementor-clearfix\">\n\t\t\t\t<p>Wien, 10. Oktober 2018 \u2013 Der \u00d6sterreichische Strompreisindex (\u00d6SPI) steigt im November das vierzehnte Monat in Folge. Insgesamt befindet er sich damit auf dem h\u00f6chsten Stand seit Juni 2013. Gegen\u00fcber dem Vormonat Oktober 2018, in dem die Strompreiszonentrennung in Kraft trat, betr\u00e4gt der Anstieg 4,5 %. Im Vergleich zum November des Vorjahres liegt der \u00d6SPI um 39 % h\u00f6her. Der \u00d6SPI erfasst nur das Produkt Strom (Strom-Gro\u00dfhandelspreise) und ber\u00fccksichtigt keine Netzgeb\u00fchren, Steuern oder Abgaben.<\/p><p style=\"text-align: center;\"><strong><span style=\"color: #ff0000;\">WARUM WARTEN, HANDELN SIE JETZT!<\/span><\/strong><\/p>\t\t\t\t\t<\/div>\n\t\t\t\t\t\t<\/div>\n\t\t\t\t<\/div>\n\t\t\t\t\t\t<\/div>\n\t\t\t\t\t<\/div>\n\t\t<\/div>\n\t\t\t\t\t\t\t\t<\/div>\n\t\t\t\t\t<\/div>\n\t\t<\/section>\n\t\t\t\t\t\t\t\t\t<\/div>\n\t\t\t<\/div>\n\t\t\t\t\t<\/div>\n\t\t","protected":false},"excerpt":{"rendered":"<p>ENERGIE-EINSPARUNG IN UNTERNEHMEN ENERGIE-EFFIZIENZGESETZ Ein jedem ist mittlerweile klar, dass [&hellip;]<\/p>\n","protected":false},"author":1,"featured_media":0,"parent":0,"menu_order":0,"comment_status":"closed","ping_status":"closed","template":"","meta":[],"_links":{"self":[{"href":"https:\/\/www.signum.at\/Newsletter\/wp-json\/wp\/v2\/pages\/12"}],"collection":[{"href":"https:\/\/www.signum.at\/Newsletter\/wp-json\/wp\/v2\/pages"}],"about":[{"href":"https:\/\/www.signum.at\/Newsletter\/wp-json\/wp\/v2\/types\/page"}],"author":[{"embeddable":true,"href":"https:\/\/www.signum.at\/Newsletter\/wp-json\/wp\/v2\/users\/1"}],"replies":[{"embeddable":true,"href":"https:\/\/www.signum.at\/Newsletter\/wp-json\/wp\/v2\/comments?post=12"}],"version-history":[{"count":21,"href":"https:\/\/www.signum.at\/Newsletter\/wp-json\/wp\/v2\/pages\/12\/revisions"}],"predecessor-version":[{"id":214,"href":"https:\/\/www.signum.at\/Newsletter\/wp-json\/wp\/v2\/pages\/12\/revisions\/214"}],"wp:attachment":[{"href":"https:\/\/www.signum.at\/Newsletter\/wp-json\/wp\/v2\/media?parent=12"}],"curies":[{"name":"wp","href":"https:\/\/api.w.org\/{rel}","templated":true}]}}