{"id":159,"date":"2018-11-12T10:20:11","date_gmt":"2018-11-12T09:20:11","guid":{"rendered":"https:\/\/www.signum.at\/Newsletter\/?page_id=159"},"modified":"2018-12-11T16:54:54","modified_gmt":"2018-12-11T15:54:54","slug":"neue-generation-der-cr-pumpen","status":"publish","type":"page","link":"https:\/\/www.signum.at\/Newsletter\/neue-generation-der-cr-pumpen\/","title":{"rendered":"Neue Generation der CR-Pumpen"},"content":{"rendered":"\t\t<div data-elementor-type=\"wp-post\" data-elementor-id=\"159\" class=\"elementor elementor-159 elementor-bc-flex-widget\">\n\t\t\t\t\t\t<div class=\"elementor-inner\">\n\t\t\t\t<div class=\"elementor-section-wrap\">\n\t\t\t\t\t\t\t\t\t<section class=\"elementor-section elementor-top-section elementor-element elementor-element-1ba523d elementor-section-boxed elementor-section-height-default elementor-section-height-default\" data-id=\"1ba523d\" data-element_type=\"section\">\n\t\t\t\t\t\t<div class=\"elementor-container elementor-column-gap-default\">\n\t\t\t\t\t\t\t<div class=\"elementor-row\">\n\t\t\t\t\t<div class=\"elementor-column elementor-col-100 elementor-top-column elementor-element elementor-element-0a9e0d3\" data-id=\"0a9e0d3\" data-element_type=\"column\">\n\t\t\t<div class=\"elementor-column-wrap elementor-element-populated\">\n\t\t\t\t\t\t\t<div class=\"elementor-widget-wrap\">\n\t\t\t\t\t\t<div class=\"elementor-element elementor-element-91b906b elementor-widget elementor-widget-image\" data-id=\"91b906b\" data-element_type=\"widget\" data-widget_type=\"image.default\">\n\t\t\t\t<div class=\"elementor-widget-container\">\n\t\t\t\t\t\t\t\t<div class=\"elementor-image\">\n\t\t\t\t\t\t\t\t\t\t\t\t<img decoding=\"async\" width=\"1024\" height=\"395\" src=\"https:\/\/www.signum.at\/Newsletter\/wp-content\/uploads\/2018\/12\/CR-Neu1-1024x395.jpg\" class=\"attachment-large size-large\" alt=\"\" srcset=\"https:\/\/www.signum.at\/Newsletter\/wp-content\/uploads\/2018\/12\/CR-Neu1-200x77.jpg 200w, https:\/\/www.signum.at\/Newsletter\/wp-content\/uploads\/2018\/12\/CR-Neu1-300x116.jpg 300w, https:\/\/www.signum.at\/Newsletter\/wp-content\/uploads\/2018\/12\/CR-Neu1-400x154.jpg 400w, https:\/\/www.signum.at\/Newsletter\/wp-content\/uploads\/2018\/12\/CR-Neu1-600x231.jpg 600w, https:\/\/www.signum.at\/Newsletter\/wp-content\/uploads\/2018\/12\/CR-Neu1-768x296.jpg 768w, https:\/\/www.signum.at\/Newsletter\/wp-content\/uploads\/2018\/12\/CR-Neu1-800x308.jpg 800w, https:\/\/www.signum.at\/Newsletter\/wp-content\/uploads\/2018\/12\/CR-Neu1-1024x395.jpg 1024w, https:\/\/www.signum.at\/Newsletter\/wp-content\/uploads\/2018\/12\/CR-Neu1.jpg 1170w\" sizes=\"(max-width: 1024px) 100vw, 1024px\" \/>\t\t\t\t\t\t\t\t\t\t\t\t\t\t<\/div>\n\t\t\t\t\t\t<\/div>\n\t\t\t\t<\/div>\n\t\t\t\t\t\t<\/div>\n\t\t\t\t\t<\/div>\n\t\t<\/div>\n\t\t\t\t\t\t\t\t<\/div>\n\t\t\t\t\t<\/div>\n\t\t<\/section>\n\t\t\t\t<section class=\"elementor-section elementor-top-section elementor-element elementor-element-0ba3e51 elementor-section-boxed elementor-section-height-default elementor-section-height-default\" data-id=\"0ba3e51\" data-element_type=\"section\">\n\t\t\t\t\t\t<div class=\"elementor-container elementor-column-gap-default\">\n\t\t\t\t\t\t\t<div class=\"elementor-row\">\n\t\t\t\t\t<div class=\"elementor-column elementor-col-100 elementor-top-column elementor-element elementor-element-ba3180d\" data-id=\"ba3180d\" data-element_type=\"column\">\n\t\t\t<div class=\"elementor-column-wrap elementor-element-populated\">\n\t\t\t\t\t\t\t<div class=\"elementor-widget-wrap\">\n\t\t\t\t\t\t<div class=\"elementor-element elementor-element-31843cf elementor-widget elementor-widget-text-editor\" data-id=\"31843cf\" data-element_type=\"widget\" data-widget_type=\"text-editor.default\">\n\t\t\t\t<div class=\"elementor-widget-container\">\n\t\t\t\t\t\t\t\t<div class=\"elementor-text-editor elementor-clearfix\">\n\t\t\t\t<p>Setzen Sie mit der n\u00e4chsten Generation der CR-Pumpen neue Ma\u00dfst\u00e4be! Die neue Baureihe bietet Ihnen hervorragende Leistungs- und Effizienzsteigerungen und eine Reihe neuer Funktionen, die die Zuverl\u00e4ssigkeit der Pumpen weiter verbessern.<\/p><p><b>Mehr Zuverl\u00e4ssigkeit<\/b><\/p><p>Die neue Generation der gro\u00dfen CR-Pumpen ist durch den Einsatz modernster Technologien in Konstruktion, Simulation und Visualisierung wie auch durch hochentwickelte Material-, Pr\u00fcf- und Produktionstechnologien noch robuster als ihre Vorg\u00e4nger. Mit der optionalen Integration eines vorausschauenden \u00dcberwachungssystems werden die neuen Grundfos CR-Pumpen Ihnen noch mehr Sicherheit bieten.<\/p><p><b>Mehr Effizienz<\/b><\/p><p>Die neue Generation der Grundfos CR-Pumpen bietet mit ihrer optimierten hydraulischen Ausf\u00fchrung \u2013 vom Laufrad und den Leitschaufeln bis hin zu Zulauf, Druckstutzen, Pumpenmantel und Diffusor \u2013 Energieeffizienz auf Weltklasseniveau. Aufgrund ihrer geringen Stellfl\u00e4che ist sie wesentlich einfacher und kosteng\u00fcnstiger zu installieren sowie durch das servicefreundliche Design effizient in der Wartung.<\/p><p><b>Mehr Optionen<\/b><\/p><p>Die neue Generation erweitert das ohnehin schon modularste Pumpenprogramm der Welt um weitere Optionen \u2013 hinzu kommen h\u00f6here Dr\u00fccke, niedrigere NPSH-Werte wie auch der Einsatz von Standardmotoren. Selbstverst\u00e4ndlich sind die neuen CR-Pumpen auch als Systempaket in Kombination mit einem Grundfos CUE-Frequenzumrichter und als Druckerh\u00f6hungsanlagen erh\u00e4ltlich.<\/p>\t\t\t\t\t<\/div>\n\t\t\t\t\t\t<\/div>\n\t\t\t\t<\/div>\n\t\t\t\t\t\t<\/div>\n\t\t\t\t\t<\/div>\n\t\t<\/div>\n\t\t\t\t\t\t\t\t<\/div>\n\t\t\t\t\t<\/div>\n\t\t<\/section>\n\t\t\t\t<section class=\"elementor-section elementor-top-section elementor-element elementor-element-ff4eadc elementor-section-boxed elementor-section-height-default elementor-section-height-default\" data-id=\"ff4eadc\" data-element_type=\"section\">\n\t\t\t\t\t\t<div class=\"elementor-container elementor-column-gap-default\">\n\t\t\t\t\t\t\t<div class=\"elementor-row\">\n\t\t\t\t\t<div class=\"elementor-column elementor-col-100 elementor-top-column elementor-element elementor-element-888ee4f\" data-id=\"888ee4f\" data-element_type=\"column\">\n\t\t\t<div class=\"elementor-column-wrap elementor-element-populated\">\n\t\t\t\t\t\t\t<div class=\"elementor-widget-wrap\">\n\t\t\t\t\t\t<div class=\"elementor-element elementor-element-02e4d6f elementor-aspect-ratio-169 elementor-widget elementor-widget-video\" data-id=\"02e4d6f\" data-element_type=\"widget\" data-settings=\"{&quot;youtube_url&quot;:&quot;https:\\\/\\\/youtu.be\\\/mEiOkJUplko&quot;,&quot;video_type&quot;:&quot;youtube&quot;,&quot;controls&quot;:&quot;yes&quot;,&quot;aspect_ratio&quot;:&quot;169&quot;}\" data-widget_type=\"video.default\">\n\t\t\t\t<div class=\"elementor-widget-container\">\n\t\t\t\t\t<div class=\"elementor-wrapper elementor-fit-aspect-ratio elementor-open-inline\">\n\t\t\t<div class=\"elementor-video\"><\/div>\t\t<\/div>\n\t\t\t\t<\/div>\n\t\t\t\t<\/div>\n\t\t\t\t\t\t<\/div>\n\t\t\t\t\t<\/div>\n\t\t<\/div>\n\t\t\t\t\t\t\t\t<\/div>\n\t\t\t\t\t<\/div>\n\t\t<\/section>\n\t\t\t\t<section class=\"elementor-section elementor-top-section elementor-element elementor-element-9824169 elementor-section-boxed elementor-section-height-default elementor-section-height-default\" data-id=\"9824169\" data-element_type=\"section\">\n\t\t\t\t\t\t<div class=\"elementor-container elementor-column-gap-default\">\n\t\t\t\t\t\t\t<div class=\"elementor-row\">\n\t\t\t\t\t<div class=\"elementor-column elementor-col-50 elementor-top-column elementor-element elementor-element-1b08e38\" data-id=\"1b08e38\" data-element_type=\"column\">\n\t\t\t<div class=\"elementor-column-wrap elementor-element-populated\">\n\t\t\t\t\t\t\t<div class=\"elementor-widget-wrap\">\n\t\t\t\t\t\t<div class=\"elementor-element elementor-element-95f4887 elementor-widget elementor-widget-text-editor\" data-id=\"95f4887\" data-element_type=\"widget\" data-widget_type=\"text-editor.default\">\n\t\t\t\t<div class=\"elementor-widget-container\">\n\t\t\t\t\t\t\t\t<div class=\"elementor-text-editor elementor-clearfix\">\n\t\t\t\t<p><strong>Die Produktionslinie setzt neue Ma\u00dfst\u00e4be<\/strong><\/p>\t\t\t\t\t<\/div>\n\t\t\t\t\t\t<\/div>\n\t\t\t\t<\/div>\n\t\t\t\t<div class=\"elementor-element elementor-element-e407d1a elementor-aspect-ratio-169 elementor-widget elementor-widget-video\" data-id=\"e407d1a\" data-element_type=\"widget\" data-settings=\"{&quot;youtube_url&quot;:&quot;https:\\\/\\\/youtu.be\\\/2pPpdWTtlIg&quot;,&quot;video_type&quot;:&quot;youtube&quot;,&quot;controls&quot;:&quot;yes&quot;,&quot;aspect_ratio&quot;:&quot;169&quot;}\" data-widget_type=\"video.default\">\n\t\t\t\t<div class=\"elementor-widget-container\">\n\t\t\t\t\t<div class=\"elementor-wrapper elementor-fit-aspect-ratio elementor-open-inline\">\n\t\t\t<div class=\"elementor-video\"><\/div>\t\t<\/div>\n\t\t\t\t<\/div>\n\t\t\t\t<\/div>\n\t\t\t\t\t\t<\/div>\n\t\t\t\t\t<\/div>\n\t\t<\/div>\n\t\t\t\t<div class=\"elementor-column elementor-col-50 elementor-top-column elementor-element elementor-element-69a9ce0\" data-id=\"69a9ce0\" data-element_type=\"column\">\n\t\t\t<div class=\"elementor-column-wrap elementor-element-populated\">\n\t\t\t\t\t\t\t<div class=\"elementor-widget-wrap\">\n\t\t\t\t\t\t<div class=\"elementor-element elementor-element-7d49175 elementor-widget elementor-widget-text-editor\" data-id=\"7d49175\" data-element_type=\"widget\" data-widget_type=\"text-editor.default\">\n\t\t\t\t<div class=\"elementor-widget-container\">\n\t\t\t\t\t\t\t\t<div class=\"elementor-text-editor elementor-clearfix\">\n\t\t\t\t<p><b>Ausgiebig getestet<\/b><\/p>\t\t\t\t\t<\/div>\n\t\t\t\t\t\t<\/div>\n\t\t\t\t<\/div>\n\t\t\t\t<div class=\"elementor-element elementor-element-189c36f elementor-aspect-ratio-169 elementor-widget elementor-widget-video\" data-id=\"189c36f\" data-element_type=\"widget\" data-settings=\"{&quot;youtube_url&quot;:&quot;https:\\\/\\\/youtu.be\\\/IAO8Www-SMU&quot;,&quot;video_type&quot;:&quot;youtube&quot;,&quot;controls&quot;:&quot;yes&quot;,&quot;aspect_ratio&quot;:&quot;169&quot;}\" data-widget_type=\"video.default\">\n\t\t\t\t<div class=\"elementor-widget-container\">\n\t\t\t\t\t<div class=\"elementor-wrapper elementor-fit-aspect-ratio elementor-open-inline\">\n\t\t\t<div class=\"elementor-video\"><\/div>\t\t<\/div>\n\t\t\t\t<\/div>\n\t\t\t\t<\/div>\n\t\t\t\t\t\t<\/div>\n\t\t\t\t\t<\/div>\n\t\t<\/div>\n\t\t\t\t\t\t\t\t<\/div>\n\t\t\t\t\t<\/div>\n\t\t<\/section>\n\t\t\t\t<section class=\"elementor-section elementor-top-section elementor-element elementor-element-9d2ded5 elementor-section-boxed elementor-section-height-default elementor-section-height-default\" data-id=\"9d2ded5\" data-element_type=\"section\">\n\t\t\t\t\t\t<div class=\"elementor-container elementor-column-gap-default\">\n\t\t\t\t\t\t\t<div class=\"elementor-row\">\n\t\t\t\t\t<div class=\"elementor-column elementor-col-50 elementor-top-column elementor-element elementor-element-6233ce2\" data-id=\"6233ce2\" data-element_type=\"column\">\n\t\t\t<div class=\"elementor-column-wrap elementor-element-populated\">\n\t\t\t\t\t\t\t<div class=\"elementor-widget-wrap\">\n\t\t\t\t\t\t<div class=\"elementor-element elementor-element-27e8ff1 elementor-widget elementor-widget-text-editor\" data-id=\"27e8ff1\" data-element_type=\"widget\" data-widget_type=\"text-editor.default\">\n\t\t\t\t<div class=\"elementor-widget-container\">\n\t\t\t\t\t\t\t\t<div class=\"elementor-text-editor elementor-clearfix\">\n\t\t\t\t<div class=\"container main-container\"><div class=\"row full-width\"><div class=\"col-md-12 col-sm-12 main-column full-column\"><article class=\"css-base\"><div class=\"par parsys\"><div class=\"columns2 section\"><section class=\"modulebox\"><div class=\"row\"><div class=\"col-sm-6\"><div class=\"par parsys\"><div class=\"section video\"><b>Optimierter hydraulischer Wirkungsgrad<\/b><\/div><\/div><\/div><\/div><\/section><\/div><\/div><\/article><\/div><\/div><\/div>\t\t\t\t\t<\/div>\n\t\t\t\t\t\t<\/div>\n\t\t\t\t<\/div>\n\t\t\t\t<div class=\"elementor-element elementor-element-cfa8944 elementor-aspect-ratio-169 elementor-widget elementor-widget-video\" data-id=\"cfa8944\" data-element_type=\"widget\" data-settings=\"{&quot;youtube_url&quot;:&quot;https:\\\/\\\/youtu.be\\\/l6juEqs1nGk&quot;,&quot;video_type&quot;:&quot;youtube&quot;,&quot;controls&quot;:&quot;yes&quot;,&quot;aspect_ratio&quot;:&quot;169&quot;}\" data-widget_type=\"video.default\">\n\t\t\t\t<div class=\"elementor-widget-container\">\n\t\t\t\t\t<div class=\"elementor-wrapper elementor-fit-aspect-ratio elementor-open-inline\">\n\t\t\t<div class=\"elementor-video\"><\/div>\t\t<\/div>\n\t\t\t\t<\/div>\n\t\t\t\t<\/div>\n\t\t\t\t\t\t<\/div>\n\t\t\t\t\t<\/div>\n\t\t<\/div>\n\t\t\t\t<div class=\"elementor-column elementor-col-50 elementor-top-column elementor-element elementor-element-4f25cb8\" data-id=\"4f25cb8\" data-element_type=\"column\">\n\t\t\t<div class=\"elementor-column-wrap elementor-element-populated\">\n\t\t\t\t\t\t\t<div class=\"elementor-widget-wrap\">\n\t\t\t\t\t\t<div class=\"elementor-element elementor-element-dceee0e elementor-widget elementor-widget-text-editor\" data-id=\"dceee0e\" data-element_type=\"widget\" data-widget_type=\"text-editor.default\">\n\t\t\t\t<div class=\"elementor-widget-container\">\n\t\t\t\t\t\t\t\t<div class=\"elementor-text-editor elementor-clearfix\">\n\t\t\t\t<p><strong>Axialschubausgleich als neue Option<\/strong><\/p>\t\t\t\t\t<\/div>\n\t\t\t\t\t\t<\/div>\n\t\t\t\t<\/div>\n\t\t\t\t<div class=\"elementor-element elementor-element-f46c480 elementor-aspect-ratio-169 elementor-widget elementor-widget-video\" data-id=\"f46c480\" data-element_type=\"widget\" data-settings=\"{&quot;youtube_url&quot;:&quot;https:\\\/\\\/youtu.be\\\/pcXe2GjvITY&quot;,&quot;video_type&quot;:&quot;youtube&quot;,&quot;controls&quot;:&quot;yes&quot;,&quot;aspect_ratio&quot;:&quot;169&quot;}\" data-widget_type=\"video.default\">\n\t\t\t\t<div class=\"elementor-widget-container\">\n\t\t\t\t\t<div class=\"elementor-wrapper elementor-fit-aspect-ratio elementor-open-inline\">\n\t\t\t<div class=\"elementor-video\"><\/div>\t\t<\/div>\n\t\t\t\t<\/div>\n\t\t\t\t<\/div>\n\t\t\t\t\t\t<\/div>\n\t\t\t\t\t<\/div>\n\t\t<\/div>\n\t\t\t\t\t\t\t\t<\/div>\n\t\t\t\t\t<\/div>\n\t\t<\/section>\n\t\t\t\t\t\t\t\t\t<\/div>\n\t\t\t<\/div>\n\t\t\t\t\t<\/div>\n\t\t","protected":false},"excerpt":{"rendered":"<p>Setzen Sie mit der n\u00e4chsten Generation der CR-Pumpen neue Ma\u00dfst\u00e4be! [&hellip;]<\/p>\n","protected":false},"author":2,"featured_media":0,"parent":0,"menu_order":0,"comment_status":"closed","ping_status":"closed","template":"","meta":[],"_links":{"self":[{"href":"https:\/\/www.signum.at\/Newsletter\/wp-json\/wp\/v2\/pages\/159"}],"collection":[{"href":"https:\/\/www.signum.at\/Newsletter\/wp-json\/wp\/v2\/pages"}],"about":[{"href":"https:\/\/www.signum.at\/Newsletter\/wp-json\/wp\/v2\/types\/page"}],"author":[{"embeddable":true,"href":"https:\/\/www.signum.at\/Newsletter\/wp-json\/wp\/v2\/users\/2"}],"replies":[{"embeddable":true,"href":"https:\/\/www.signum.at\/Newsletter\/wp-json\/wp\/v2\/comments?post=159"}],"version-history":[{"count":15,"href":"https:\/\/www.signum.at\/Newsletter\/wp-json\/wp\/v2\/pages\/159\/revisions"}],"predecessor-version":[{"id":218,"href":"https:\/\/www.signum.at\/Newsletter\/wp-json\/wp\/v2\/pages\/159\/revisions\/218"}],"wp:attachment":[{"href":"https:\/\/www.signum.at\/Newsletter\/wp-json\/wp\/v2\/media?parent=159"}],"curies":[{"name":"wp","href":"https:\/\/api.w.org\/{rel}","templated":true}]}}