{"id":267,"date":"2019-11-26T20:56:04","date_gmt":"2019-11-26T19:56:04","guid":{"rendered":"https:\/\/www.signum.at\/Newsletter\/?page_id=267"},"modified":"2025-11-07T12:34:06","modified_gmt":"2025-11-07T11:34:06","slug":"aktion-vignette-2025","status":"publish","type":"page","link":"https:\/\/www.signum.at\/Newsletter\/aktion-vignette-2025\/","title":{"rendered":"Aktion: Vignette 2026"},"content":{"rendered":"\t\t<div data-elementor-type=\"wp-post\" data-elementor-id=\"267\" class=\"elementor elementor-267\">\n\t\t\t\t\t\t<div class=\"elementor-inner\">\n\t\t\t\t<div class=\"elementor-section-wrap\">\n\t\t\t\t\t\t\t\t\t<section class=\"elementor-section elementor-top-section elementor-element elementor-element-e7816bd elementor-section-boxed elementor-section-height-default elementor-section-height-default\" data-id=\"e7816bd\" data-element_type=\"section\">\n\t\t\t\t\t\t<div class=\"elementor-container elementor-column-gap-default\">\n\t\t\t\t\t\t\t<div class=\"elementor-row\">\n\t\t\t\t\t<div class=\"elementor-column elementor-col-100 elementor-top-column elementor-element elementor-element-90356fe\" data-id=\"90356fe\" data-element_type=\"column\">\n\t\t\t<div class=\"elementor-column-wrap elementor-element-populated\">\n\t\t\t\t\t\t\t<div class=\"elementor-widget-wrap\">\n\t\t\t\t\t\t<div class=\"elementor-element elementor-element-3e3aee9 elementor-widget elementor-widget-image\" data-id=\"3e3aee9\" data-element_type=\"widget\" data-widget_type=\"image.default\">\n\t\t\t\t<div class=\"elementor-widget-container\">\n\t\t\t\t\t\t\t\t<div class=\"elementor-image\">\n\t\t\t\t\t\t\t\t\t\t\t\t<img decoding=\"async\" width=\"1000\" height=\"450\" src=\"https:\/\/www.signum.at\/Newsletter\/wp-content\/uploads\/2025\/11\/Signum_Vignetten_Aktion-2026.png\" class=\"attachment-large size-large\" alt=\"\" srcset=\"https:\/\/www.signum.at\/Newsletter\/wp-content\/uploads\/2025\/11\/Signum_Vignetten_Aktion-2026-200x90.png 200w, https:\/\/www.signum.at\/Newsletter\/wp-content\/uploads\/2025\/11\/Signum_Vignetten_Aktion-2026-300x135.png 300w, https:\/\/www.signum.at\/Newsletter\/wp-content\/uploads\/2025\/11\/Signum_Vignetten_Aktion-2026-400x180.png 400w, https:\/\/www.signum.at\/Newsletter\/wp-content\/uploads\/2025\/11\/Signum_Vignetten_Aktion-2026-600x270.png 600w, https:\/\/www.signum.at\/Newsletter\/wp-content\/uploads\/2025\/11\/Signum_Vignetten_Aktion-2026-768x346.png 768w, https:\/\/www.signum.at\/Newsletter\/wp-content\/uploads\/2025\/11\/Signum_Vignetten_Aktion-2026-800x360.png 800w, https:\/\/www.signum.at\/Newsletter\/wp-content\/uploads\/2025\/11\/Signum_Vignetten_Aktion-2026.png 1000w\" sizes=\"(max-width: 1000px) 100vw, 1000px\" \/>\t\t\t\t\t\t\t\t\t\t\t\t\t\t<\/div>\n\t\t\t\t\t\t<\/div>\n\t\t\t\t<\/div>\n\t\t\t\t\t\t<\/div>\n\t\t\t\t\t<\/div>\n\t\t<\/div>\n\t\t\t\t\t\t\t\t<\/div>\n\t\t\t\t\t<\/div>\n\t\t<\/section>\n\t\t\t\t<section class=\"elementor-section elementor-top-section elementor-element elementor-element-70d8570 elementor-section-boxed elementor-section-height-default elementor-section-height-default\" data-id=\"70d8570\" data-element_type=\"section\">\n\t\t\t\t\t\t<div class=\"elementor-container elementor-column-gap-default\">\n\t\t\t\t\t\t\t<div class=\"elementor-row\">\n\t\t\t\t\t<div class=\"elementor-column elementor-col-100 elementor-top-column elementor-element elementor-element-7e20d48\" data-id=\"7e20d48\" data-element_type=\"column\">\n\t\t\t<div class=\"elementor-column-wrap elementor-element-populated\">\n\t\t\t\t\t\t\t<div class=\"elementor-widget-wrap\">\n\t\t\t\t\t\t<div class=\"elementor-element elementor-element-1f145dd elementor-widget elementor-widget-text-editor\" data-id=\"1f145dd\" data-element_type=\"widget\" data-widget_type=\"text-editor.default\">\n\t\t\t\t<div class=\"elementor-widget-container\">\n\t\t\t\t\t\t\t\t<div class=\"elementor-text-editor elementor-clearfix\">\n\t\t\t\t<p>Holen Sie sich Ihre gratis PKW-Jahresvignette bei einem Bestellwert ab \u20ac 3.000. Nach Verstreichen einer 14-t\u00e4gigen R\u00fccktrittsfrist werden wir mit Ihnen Kontakt aufnehmen und die Versandart der Vignette kl\u00e4ren.&nbsp; Barabl\u00f6se und Rechtsweg sind ausgeschlossen.&nbsp;<\/p>\n<p><span style=\"letter-spacing: 0px;\">Aktion ist g\u00fcltig vom 10.11.2025 bis 12.12.2025&nbsp;<\/span><span style=\"letter-spacing: 0px;\">bei einer Bestellung<\/span><span style=\"letter-spacing: 0px;\">&nbsp;von &gt; \u20ac 3.000&nbsp;<\/span><span style=\"letter-spacing: 0px;\">bei Signum Industrietechnik GmbH.<\/span><\/p>\t\t\t\t\t<\/div>\n\t\t\t\t\t\t<\/div>\n\t\t\t\t<\/div>\n\t\t\t\t\t\t<\/div>\n\t\t\t\t\t<\/div>\n\t\t<\/div>\n\t\t\t\t\t\t\t\t<\/div>\n\t\t\t\t\t<\/div>\n\t\t<\/section>\n\t\t\t\t\t\t\t\t\t<\/div>\n\t\t\t<\/div>\n\t\t\t\t\t<\/div>\n\t\t","protected":false},"excerpt":{"rendered":"<p>Holen Sie sich Ihre gratis PKW-Jahresvignette bei einem Bestellwert ab [&hellip;]<\/p>\n","protected":false},"author":2,"featured_media":0,"parent":0,"menu_order":0,"comment_status":"closed","ping_status":"closed","template":"","meta":[],"_links":{"self":[{"href":"https:\/\/www.signum.at\/Newsletter\/wp-json\/wp\/v2\/pages\/267"}],"collection":[{"href":"https:\/\/www.signum.at\/Newsletter\/wp-json\/wp\/v2\/pages"}],"about":[{"href":"https:\/\/www.signum.at\/Newsletter\/wp-json\/wp\/v2\/types\/page"}],"author":[{"embeddable":true,"href":"https:\/\/www.signum.at\/Newsletter\/wp-json\/wp\/v2\/users\/2"}],"replies":[{"embeddable":true,"href":"https:\/\/www.signum.at\/Newsletter\/wp-json\/wp\/v2\/comments?post=267"}],"version-history":[{"count":36,"href":"https:\/\/www.signum.at\/Newsletter\/wp-json\/wp\/v2\/pages\/267\/revisions"}],"predecessor-version":[{"id":446,"href":"https:\/\/www.signum.at\/Newsletter\/wp-json\/wp\/v2\/pages\/267\/revisions\/446"}],"wp:attachment":[{"href":"https:\/\/www.signum.at\/Newsletter\/wp-json\/wp\/v2\/media?parent=267"}],"curies":[{"name":"wp","href":"https:\/\/api.w.org\/{rel}","templated":true}]}}