{"id":7,"date":"2018-09-20T13:27:46","date_gmt":"2018-09-20T11:27:46","guid":{"rendered":"https:\/\/www.signum.at\/Newsletter\/?page_id=7"},"modified":"2021-04-13T15:37:54","modified_gmt":"2021-04-13T13:37:54","slug":"willkommen-bei-signum","status":"publish","type":"page","link":"https:\/\/www.signum.at\/Newsletter\/","title":{"rendered":"Willkommen bei Signum"},"content":{"rendered":"\t\t<div data-elementor-type=\"wp-post\" data-elementor-id=\"7\" class=\"elementor elementor-7 elementor-bc-flex-widget\">\n\t\t\t\t\t\t<div class=\"elementor-inner\">\n\t\t\t\t<div class=\"elementor-section-wrap\">\n\t\t\t\t\t\t\t\t\t<section class=\"elementor-section elementor-top-section elementor-element elementor-element-8f0f37b elementor-section-boxed elementor-section-height-default elementor-section-height-default\" data-id=\"8f0f37b\" data-element_type=\"section\">\n\t\t\t\t\t\t<div class=\"elementor-container elementor-column-gap-default\">\n\t\t\t\t\t\t\t<div class=\"elementor-row\">\n\t\t\t\t\t<div class=\"elementor-column elementor-col-100 elementor-top-column elementor-element elementor-element-fae9846\" data-id=\"fae9846\" data-element_type=\"column\">\n\t\t\t<div class=\"elementor-column-wrap elementor-element-populated\">\n\t\t\t\t\t\t\t<div class=\"elementor-widget-wrap\">\n\t\t\t\t\t\t<div class=\"elementor-element elementor-element-176cff2 elementor-widget elementor-widget-image\" data-id=\"176cff2\" data-element_type=\"widget\" data-widget_type=\"image.default\">\n\t\t\t\t<div class=\"elementor-widget-container\">\n\t\t\t\t\t\t\t\t<div class=\"elementor-image\">\n\t\t\t\t\t\t\t\t\t\t\t\t<img decoding=\"async\" width=\"1024\" height=\"157\" src=\"https:\/\/www.signum.at\/Newsletter\/wp-content\/uploads\/2021\/04\/Banner-Signum-2021-1024x157.gif\" class=\"attachment-large size-large\" alt=\"\" srcset=\"https:\/\/www.signum.at\/Newsletter\/wp-content\/uploads\/2021\/04\/Banner-Signum-2021-200x31.gif 200w, https:\/\/www.signum.at\/Newsletter\/wp-content\/uploads\/2021\/04\/Banner-Signum-2021-300x46.gif 300w, https:\/\/www.signum.at\/Newsletter\/wp-content\/uploads\/2021\/04\/Banner-Signum-2021-400x61.gif 400w, https:\/\/www.signum.at\/Newsletter\/wp-content\/uploads\/2021\/04\/Banner-Signum-2021-600x92.gif 600w, https:\/\/www.signum.at\/Newsletter\/wp-content\/uploads\/2021\/04\/Banner-Signum-2021-768x117.gif 768w, https:\/\/www.signum.at\/Newsletter\/wp-content\/uploads\/2021\/04\/Banner-Signum-2021-800x122.gif 800w, https:\/\/www.signum.at\/Newsletter\/wp-content\/uploads\/2021\/04\/Banner-Signum-2021-1024x157.gif 1024w, https:\/\/www.signum.at\/Newsletter\/wp-content\/uploads\/2021\/04\/Banner-Signum-2021-1200x184.gif 1200w\" sizes=\"(max-width: 1024px) 100vw, 1024px\" \/>\t\t\t\t\t\t\t\t\t\t\t\t\t\t<\/div>\n\t\t\t\t\t\t<\/div>\n\t\t\t\t<\/div>\n\t\t\t\t<div class=\"elementor-element elementor-element-9110ee3 elementor-widget elementor-widget-text-editor\" data-id=\"9110ee3\" data-element_type=\"widget\" data-widget_type=\"text-editor.default\">\n\t\t\t\t<div class=\"elementor-widget-container\">\n\t\t\t\t\t\t\t\t<div class=\"elementor-text-editor elementor-clearfix\">\n\t\t\t\t<h2><strong><span style=\"color: #acc366;\">SIGNUM<\/span><\/strong> <strong>IST INDUSTRIEPARTNER VON GRUNDFOS<\/strong><\/h2>\t\t\t\t\t<\/div>\n\t\t\t\t\t\t<\/div>\n\t\t\t\t<\/div>\n\t\t\t\t<div class=\"elementor-element elementor-element-281f5a8 elementor-widget elementor-widget-text-editor\" data-id=\"281f5a8\" data-element_type=\"widget\" data-widget_type=\"text-editor.default\">\n\t\t\t\t<div class=\"elementor-widget-container\">\n\t\t\t\t\t\t\t\t<div class=\"elementor-text-editor elementor-clearfix\">\n\t\t\t\t<p><span style=\"background-image: initial; background-position: initial; background-size: initial; background-repeat: initial; background-attachment: initial; background-origin: initial; background-clip: initial; letter-spacing: 0px; font-family: Arial, sans-serif;\">Grundfos ist ein d\u00e4nischer Pumpenhersteller. Mit einer Jahresproduktion von mehr als 16 Millionen Pumpen geh\u00f6rt Grundfos zu den weltweit f\u00fchrenden Pumpenherstellern. Der Name Grundfos steht f\u00fcr h\u00f6chsten Qualit\u00e4tsanspruch. Ebenso hoch ist auch der Anspruch von Signum an die Qualit\u00e4t der angebotenen Dienstleistungen und optimierten internen Abl\u00e4ufe: Starke Marken brauchen starke Partner vor Ort. Partner, die f\u00fcr Qualit\u00e4t, Sicherheit und bestm\u00f6glichen Service stehen. Die Signum Industrietechnik GmbH ist ein Handels- und Dienstleistungsunternehmen, das 2013 von ehemaligen Grundfosmitarbeitern gegr\u00fcndet wurde. Daher kennen alle Mitarbeiter von Signum die Produkte und internen Prozesse von Grundfos perfekt. Das bringt Ihnen als Kunde viele Vorteile. Signum Industrietechnik GmbH ist als Industriepartner von Grundfos Ihr Ansprechpartner f\u00fcr technische Kl\u00e4rungen, Angebote, Bestellungen, Liefertermine. Kurzum: Signum ist Ihr Ansprechpartner f\u00fcr s\u00e4mtliche Verkaufsbelange von Grundfos. Das umfassende Produktportfolio von Grundfos steht f\u00fcr Qualit\u00e4t und Innovation. Zusammen mit der Flexibilit\u00e4t und Zuverl\u00e4ssigkeit von Signum garantieren wir Ihnen stets die Sicherheit Ihrer Anlagen<\/span><span style=\"letter-spacing: 0px;\">.<\/span><\/p>\t\t\t\t\t<\/div>\n\t\t\t\t\t\t<\/div>\n\t\t\t\t<\/div>\n\t\t\t\t\t\t<\/div>\n\t\t\t\t\t<\/div>\n\t\t<\/div>\n\t\t\t\t\t\t\t\t<\/div>\n\t\t\t\t\t<\/div>\n\t\t<\/section>\n\t\t\t\t<section class=\"elementor-section elementor-top-section elementor-element elementor-element-7fae9f9 elementor-section-boxed elementor-section-height-default elementor-section-height-default\" data-id=\"7fae9f9\" data-element_type=\"section\">\n\t\t\t\t\t\t<div class=\"elementor-container elementor-column-gap-default\">\n\t\t\t\t\t\t\t<div class=\"elementor-row\">\n\t\t\t\t\t<div class=\"elementor-column elementor-col-100 elementor-top-column elementor-element elementor-element-55216e0\" data-id=\"55216e0\" data-element_type=\"column\">\n\t\t\t<div class=\"elementor-column-wrap elementor-element-populated\">\n\t\t\t\t\t\t\t<div class=\"elementor-widget-wrap\">\n\t\t\t\t\t\t<div class=\"elementor-element elementor-element-b2e7edc elementor-widget elementor-widget-image\" data-id=\"b2e7edc\" data-element_type=\"widget\" data-widget_type=\"image.default\">\n\t\t\t\t<div class=\"elementor-widget-container\">\n\t\t\t\t\t\t\t\t<div class=\"elementor-image\">\n\t\t\t\t\t\t\t\t\t\t\t\t<img decoding=\"async\" width=\"591\" height=\"305\" src=\"https:\/\/www.signum.at\/Newsletter\/wp-content\/uploads\/2018\/10\/Grundfos_Authorised-Industry-Partner_Panel_PRINT.jpg\" class=\"attachment-large size-large\" alt=\"\" srcset=\"https:\/\/www.signum.at\/Newsletter\/wp-content\/uploads\/2018\/10\/Grundfos_Authorised-Industry-Partner_Panel_PRINT-200x103.jpg 200w, https:\/\/www.signum.at\/Newsletter\/wp-content\/uploads\/2018\/10\/Grundfos_Authorised-Industry-Partner_Panel_PRINT-300x155.jpg 300w, https:\/\/www.signum.at\/Newsletter\/wp-content\/uploads\/2018\/10\/Grundfos_Authorised-Industry-Partner_Panel_PRINT-400x206.jpg 400w, https:\/\/www.signum.at\/Newsletter\/wp-content\/uploads\/2018\/10\/Grundfos_Authorised-Industry-Partner_Panel_PRINT.jpg 591w\" sizes=\"(max-width: 591px) 100vw, 591px\" \/>\t\t\t\t\t\t\t\t\t\t\t\t\t\t<\/div>\n\t\t\t\t\t\t<\/div>\n\t\t\t\t<\/div>\n\t\t\t\t\t\t<\/div>\n\t\t\t\t\t<\/div>\n\t\t<\/div>\n\t\t\t\t\t\t\t\t<\/div>\n\t\t\t\t\t<\/div>\n\t\t<\/section>\n\t\t\t\t<section class=\"elementor-section elementor-top-section elementor-element elementor-element-ee64720 elementor-section-boxed elementor-section-height-default elementor-section-height-default\" data-id=\"ee64720\" data-element_type=\"section\">\n\t\t\t\t\t\t<div class=\"elementor-container elementor-column-gap-default\">\n\t\t\t\t\t\t\t<div class=\"elementor-row\">\n\t\t\t\t\t<div class=\"elementor-column elementor-col-100 elementor-top-column elementor-element elementor-element-3fb72ea\" data-id=\"3fb72ea\" data-element_type=\"column\">\n\t\t\t<div class=\"elementor-column-wrap elementor-element-populated\">\n\t\t\t\t\t\t\t<div class=\"elementor-widget-wrap\">\n\t\t\t\t\t\t<div class=\"elementor-element elementor-element-68567dc elementor-widget-divider--view-line elementor-widget elementor-widget-divider\" data-id=\"68567dc\" data-element_type=\"widget\" data-widget_type=\"divider.default\">\n\t\t\t\t<div class=\"elementor-widget-container\">\n\t\t\t\t\t<div class=\"elementor-divider\">\n\t\t\t<span class=\"elementor-divider-separator\">\n\t\t\t\t\t\t<\/span>\n\t\t<\/div>\n\t\t\t\t<\/div>\n\t\t\t\t<\/div>\n\t\t\t\t\t\t<\/div>\n\t\t\t\t\t<\/div>\n\t\t<\/div>\n\t\t\t\t\t\t\t\t<\/div>\n\t\t\t\t\t<\/div>\n\t\t<\/section>\n\t\t\t\t<section class=\"elementor-section elementor-top-section elementor-element elementor-element-b034c54 elementor-section-boxed elementor-section-height-default elementor-section-height-default\" data-id=\"b034c54\" data-element_type=\"section\">\n\t\t\t\t\t\t<div class=\"elementor-container elementor-column-gap-default\">\n\t\t\t\t\t\t\t<div class=\"elementor-row\">\n\t\t\t\t\t<div class=\"elementor-column elementor-col-100 elementor-top-column elementor-element elementor-element-36c7ba8\" data-id=\"36c7ba8\" data-element_type=\"column\">\n\t\t\t<div class=\"elementor-column-wrap\">\n\t\t\t\t\t\t\t<div class=\"elementor-widget-wrap\">\n\t\t\t\t\t\t\t\t<\/div>\n\t\t\t\t\t<\/div>\n\t\t<\/div>\n\t\t\t\t\t\t\t\t<\/div>\n\t\t\t\t\t<\/div>\n\t\t<\/section>\n\t\t\t\t<section class=\"elementor-section elementor-top-section elementor-element elementor-element-5de9a07 elementor-section-boxed elementor-section-height-default elementor-section-height-default\" data-id=\"5de9a07\" data-element_type=\"section\">\n\t\t\t\t\t\t<div class=\"elementor-container elementor-column-gap-default\">\n\t\t\t\t\t\t\t<div class=\"elementor-row\">\n\t\t\t\t\t<div class=\"elementor-column elementor-col-100 elementor-top-column elementor-element elementor-element-cf1d000\" data-id=\"cf1d000\" data-element_type=\"column\">\n\t\t\t<div class=\"elementor-column-wrap elementor-element-populated\">\n\t\t\t\t\t\t\t<div class=\"elementor-widget-wrap\">\n\t\t\t\t\t\t<div class=\"elementor-element elementor-element-b458867 elementor-widget elementor-widget-text-editor\" data-id=\"b458867\" data-element_type=\"widget\" data-widget_type=\"text-editor.default\">\n\t\t\t\t<div class=\"elementor-widget-container\">\n\t\t\t\t\t\t\t\t<div class=\"elementor-text-editor elementor-clearfix\">\n\t\t\t\t<h3 style=\"margin: 0cm; margin-bottom: .0001pt; mso-line-height-alt: 13.55pt; vertical-align: baseline;\"><span style=\"font-size: 26pt; font-family: Arial, sans-serif;\">\u00a0<\/span><\/h3><h3 style=\"margin: 0cm; margin-bottom: .0001pt; mso-line-height-alt: 13.55pt; vertical-align: baseline;\"><span style=\"font-size: 26pt; font-family: Arial, sans-serif;\">IHRE <\/span><strong><span style=\"font-size: 26.0pt; font-family: 'Arial',sans-serif; mso-bidi-font-family: 'Times New Roman'; mso-font-kerning: 18.0pt;\">VORTEILE<\/span><\/strong> <span style=\"font-size: 26pt; font-family: Arial, sans-serif;\">MIT<\/span><strong><span style=\"font-size: 26.0pt; font-family: 'Arial',sans-serif; mso-bidi-font-family: 'Times New Roman'; mso-font-kerning: 18.0pt;\"> <span style=\"color: #aac336;\">SIGNUM<\/span><\/span><\/strong><\/h3><div><strong><span style=\"font-size: 26.0pt; font-family: 'Arial',sans-serif; mso-bidi-font-family: 'Times New Roman'; mso-font-kerning: 18.0pt;\"><span style=\"color: #aac336;\">\u00a0<\/span><\/span><\/strong><\/div>\t\t\t\t\t<\/div>\n\t\t\t\t\t\t<\/div>\n\t\t\t\t<\/div>\n\t\t\t\t\t\t<\/div>\n\t\t\t\t\t<\/div>\n\t\t<\/div>\n\t\t\t\t\t\t\t\t<\/div>\n\t\t\t\t\t<\/div>\n\t\t<\/section>\n\t\t\t\t<section class=\"elementor-section elementor-top-section elementor-element elementor-element-547cc61 elementor-section-boxed elementor-section-height-default elementor-section-height-default\" data-id=\"547cc61\" data-element_type=\"section\">\n\t\t\t\t\t\t<div class=\"elementor-container elementor-column-gap-default\">\n\t\t\t\t\t\t\t<div class=\"elementor-row\">\n\t\t\t\t\t<div class=\"elementor-column elementor-col-100 elementor-top-column elementor-element elementor-element-ab04bdd\" data-id=\"ab04bdd\" data-element_type=\"column\">\n\t\t\t<div class=\"elementor-column-wrap elementor-element-populated\">\n\t\t\t\t\t\t\t<div class=\"elementor-widget-wrap\">\n\t\t\t\t\t\t<div class=\"elementor-element elementor-element-d04308f elementor-position-top elementor-vertical-align-top elementor-widget elementor-widget-image-box\" data-id=\"d04308f\" data-element_type=\"widget\" data-widget_type=\"image-box.default\">\n\t\t\t\t<div class=\"elementor-widget-container\">\n\t\t\t<div class=\"elementor-image-box-wrapper\"><figure class=\"elementor-image-box-img\"><img decoding=\"async\" width=\"77\" height=\"77\" src=\"https:\/\/www.signum.at\/Newsletter\/wp-content\/uploads\/2018\/10\/01.png\" class=\"attachment-full size-full\" alt=\"\" \/><\/figure><div class=\"elementor-image-box-content\"><h3 class=\"elementor-image-box-title\"><span style=\"border: 0px; font-variant-numeric: inherit; font-variant-east-asian: inherit; font-stretch: inherit; font-size: 16px; line-height: inherit; font-family: &quot;Work Sans&quot;, sans-serif; vertical-align: baseline; margin: 0px; padding: 0px; color: rgb(0, 0, 0); text-align: start; white-space: normal;\">schnell, flexibel<\/span><span style=\"color: rgb(0, 0, 0); font-family: &quot;Work Sans&quot;, sans-serif; font-size: 16px; font-weight: 400; text-align: start; white-space: normal;\">&nbsp;und&nbsp;<\/span><span style=\"border: 0px; font-variant-numeric: inherit; font-variant-east-asian: inherit; font-stretch: inherit; font-size: 16px; line-height: inherit; font-family: &quot;Work Sans&quot;, sans-serif; vertical-align: baseline; margin: 0px; padding: 0px; color: rgb(0, 0, 0); text-align: start; white-space: normal;\">unkompliziert.<\/span><br style=\"color: rgb(0, 0, 0); font-family: &quot;Work Sans&quot;, sans-serif; font-size: 16px; font-weight: 400; text-align: start; white-space: normal;\"><span style=\"color: rgb(0, 0, 0); font-family: &quot;Work Sans&quot;, sans-serif; font-size: 16px; font-weight: 400; text-align: start; white-space: normal;\">Unser Verkaufsinnendienst versteht sich als eine Service Abteilung, die versucht, jede Ihrer Anforderungen kompetent und unkompliziert zu erf\u00fcllen.<\/span><\/h3><\/div><\/div>\t\t<\/div>\n\t\t\t\t<\/div>\n\t\t\t\t\t\t<\/div>\n\t\t\t\t\t<\/div>\n\t\t<\/div>\n\t\t\t\t\t\t\t\t<\/div>\n\t\t\t\t\t<\/div>\n\t\t<\/section>\n\t\t\t\t<section class=\"elementor-section elementor-top-section elementor-element elementor-element-cb23fa2 elementor-section-boxed elementor-section-height-default elementor-section-height-default\" data-id=\"cb23fa2\" data-element_type=\"section\">\n\t\t\t\t\t\t<div class=\"elementor-container elementor-column-gap-default\">\n\t\t\t\t\t\t\t<div class=\"elementor-row\">\n\t\t\t\t\t<div class=\"elementor-column elementor-col-100 elementor-top-column elementor-element elementor-element-17f16aa\" data-id=\"17f16aa\" data-element_type=\"column\">\n\t\t\t<div class=\"elementor-column-wrap elementor-element-populated\">\n\t\t\t\t\t\t\t<div class=\"elementor-widget-wrap\">\n\t\t\t\t\t\t<div class=\"elementor-element elementor-element-5c35565 elementor-position-top elementor-vertical-align-top elementor-widget elementor-widget-image-box\" data-id=\"5c35565\" data-element_type=\"widget\" data-widget_type=\"image-box.default\">\n\t\t\t\t<div class=\"elementor-widget-container\">\n\t\t\t<div class=\"elementor-image-box-wrapper\"><figure class=\"elementor-image-box-img\"><img decoding=\"async\" width=\"77\" height=\"77\" src=\"https:\/\/www.signum.at\/Newsletter\/wp-content\/uploads\/2018\/10\/02.png\" class=\"attachment-full size-full\" alt=\"\" \/><\/figure><div class=\"elementor-image-box-content\"><h3 class=\"elementor-image-box-title\"><span style=\"border: 0px; font-variant-numeric: inherit; font-variant-east-asian: inherit; font-stretch: inherit; font-size: 16px; line-height: inherit; font-family: &quot;Work Sans&quot;, sans-serif; vertical-align: baseline; margin: 0px; padding: 0px; color: rgb(0, 0, 0); text-align: start; white-space: normal;\">pers\u00f6nlich \u2013 kompetent - schnell<\/span><br style=\"color: rgb(0, 0, 0); font-family: &quot;Work Sans&quot;, sans-serif; font-size: 16px; font-weight: 400; text-align: start; white-space: normal;\"><span style=\"color: rgb(0, 0, 0); font-family: &quot;Work Sans&quot;, sans-serif; font-size: 16px; font-weight: 400; text-align: start; white-space: normal;\">Unsere jahrzehntelange Erfahrung in den verschiedensten Anwendungsbereichen garantiert Ihnen eine kompetente Pumpenl\u00f6sung.<\/span><\/h3><\/div><\/div>\t\t<\/div>\n\t\t\t\t<\/div>\n\t\t\t\t<div class=\"elementor-element elementor-element-bd9cec9 elementor-position-top elementor-vertical-align-top elementor-widget elementor-widget-image-box\" data-id=\"bd9cec9\" data-element_type=\"widget\" data-widget_type=\"image-box.default\">\n\t\t\t\t<div class=\"elementor-widget-container\">\n\t\t\t<div class=\"elementor-image-box-wrapper\"><figure class=\"elementor-image-box-img\"><img decoding=\"async\" width=\"77\" height=\"77\" src=\"https:\/\/www.signum.at\/Newsletter\/wp-content\/uploads\/2018\/10\/03.png\" class=\"attachment-full size-full\" alt=\"\" \/><\/figure><div class=\"elementor-image-box-content\"><h3 class=\"elementor-image-box-title\"><span style=\"border: 0px; font-variant-numeric: inherit; font-variant-east-asian: inherit; font-stretch: inherit; font-size: 16px; line-height: inherit; font-family: &quot;Work Sans&quot;, sans-serif; vertical-align: baseline; margin: 0px; padding: 0px; color: rgb(0, 0, 0); text-align: start; white-space: normal;\">Aktive Beratung<\/span><span style=\"color: rgb(0, 0, 0); font-family: &quot;Work Sans&quot;, sans-serif; font-size: 16px; font-weight: 400; text-align: start; white-space: normal;\">&nbsp;und&nbsp;<\/span><span style=\"border: 0px; font-variant-numeric: inherit; font-variant-east-asian: inherit; font-stretch: inherit; font-size: 16px; line-height: inherit; font-family: &quot;Work Sans&quot;, sans-serif; vertical-align: baseline; margin: 0px; padding: 0px; color: rgb(0, 0, 0); text-align: start; white-space: normal;\">Betreuung vor Ort<\/span><br style=\"color: rgb(0, 0, 0); font-family: &quot;Work Sans&quot;, sans-serif; font-size: 16px; font-weight: 400; text-align: start; white-space: normal;\"><span style=\"color: rgb(0, 0, 0); font-family: &quot;Work Sans&quot;, sans-serif; font-size: 16px; font-weight: 400; text-align: start; white-space: normal;\">Signum Industrietechnik bietet Ihnen aktive Beratung und Betreuung von Pumpen und Systemen vor Ort.\tWir beraten Sie gerne.<\/span><\/h3><\/div><\/div>\t\t<\/div>\n\t\t\t\t<\/div>\n\t\t\t\t\t\t<\/div>\n\t\t\t\t\t<\/div>\n\t\t<\/div>\n\t\t\t\t\t\t\t\t<\/div>\n\t\t\t\t\t<\/div>\n\t\t<\/section>\n\t\t\t\t<section class=\"elementor-section elementor-top-section elementor-element elementor-element-31b68b3 elementor-section-boxed elementor-section-height-default elementor-section-height-default\" data-id=\"31b68b3\" data-element_type=\"section\">\n\t\t\t\t\t\t<div class=\"elementor-container elementor-column-gap-default\">\n\t\t\t\t\t\t\t<div class=\"elementor-row\">\n\t\t\t\t\t<div class=\"elementor-column elementor-col-100 elementor-top-column elementor-element elementor-element-77d4790\" data-id=\"77d4790\" data-element_type=\"column\">\n\t\t\t<div class=\"elementor-column-wrap elementor-element-populated\">\n\t\t\t\t\t\t\t<div class=\"elementor-widget-wrap\">\n\t\t\t\t\t\t<div class=\"elementor-element elementor-element-d188b31 elementor-position-top elementor-vertical-align-top elementor-widget elementor-widget-image-box\" data-id=\"d188b31\" data-element_type=\"widget\" data-widget_type=\"image-box.default\">\n\t\t\t\t<div class=\"elementor-widget-container\">\n\t\t\t<div class=\"elementor-image-box-wrapper\"><figure class=\"elementor-image-box-img\"><img decoding=\"async\" width=\"77\" height=\"77\" src=\"https:\/\/www.signum.at\/Newsletter\/wp-content\/uploads\/2018\/10\/04.png\" class=\"attachment-full size-full\" alt=\"\" \/><\/figure><div class=\"elementor-image-box-content\"><h3 class=\"elementor-image-box-title\"><span style=\"border: 0px; font-variant-numeric: inherit; font-variant-east-asian: inherit; font-stretch: inherit; font-size: 16px; line-height: inherit; font-family: &quot;Work Sans&quot;, sans-serif; vertical-align: baseline; margin: 0px; padding: 0px; color: rgb(0, 0, 0); text-align: start; white-space: normal;\">Stillstand bedeutet Verlust.<\/span><span style=\"color: rgb(0, 0, 0); font-family: &quot;Work Sans&quot;, sans-serif; font-size: 16px; font-weight: 400; text-align: start; white-space: normal;\">&nbsp;Sollte bei Ihren Pumpen wider Erwarten einmal eine St\u00f6rung auftreten, k\u00f6nnen wir durch unsere enge Kooperation mit dem jeweils autorisierten Grundfos Servicepartner in Ihrer N\u00e4he schnell und kompetent Hilfe zur St\u00f6rungsbehebung organisieren.<\/span><\/h3><\/div><\/div>\t\t<\/div>\n\t\t\t\t<\/div>\n\t\t\t\t<div class=\"elementor-element elementor-element-08854e8 elementor-position-top elementor-vertical-align-top elementor-widget elementor-widget-image-box\" data-id=\"08854e8\" data-element_type=\"widget\" data-widget_type=\"image-box.default\">\n\t\t\t\t<div class=\"elementor-widget-container\">\n\t\t\t<div class=\"elementor-image-box-wrapper\"><figure class=\"elementor-image-box-img\"><img decoding=\"async\" width=\"77\" height=\"77\" src=\"https:\/\/www.signum.at\/Newsletter\/wp-content\/uploads\/2018\/10\/05.png\" class=\"attachment-full size-full\" alt=\"\" \/><\/figure><div class=\"elementor-image-box-content\"><h3 class=\"elementor-image-box-title\"><span style=\"color: rgb(0, 0, 0); font-family: &quot;Work Sans&quot;, sans-serif; font-size: 16px; font-weight: 400; text-align: start; white-space: normal;\">Weil es heutzutage immer schnell gehen muss, haben wir bei Signum Industrietechnik GmbH die M\u00f6glichkeit, das&nbsp;<\/span><span style=\"border: 0px; font-variant-numeric: inherit; font-variant-east-asian: inherit; font-stretch: inherit; font-size: 16px; line-height: inherit; font-family: &quot;Work Sans&quot;, sans-serif; vertical-align: baseline; margin: 0px; padding: 0px; color: rgb(0, 0, 0); text-align: start; white-space: normal;\">Kernsortiment<\/span><span style=\"color: rgb(0, 0, 0); font-family: &quot;Work Sans&quot;, sans-serif; font-size: 16px; font-weight: 400; text-align: start; white-space: normal;\">&nbsp;an Pumpen und Ersatzteilen&nbsp;<\/span><span style=\"border: 0px; font-variant-numeric: inherit; font-variant-east-asian: inherit; font-stretch: inherit; font-size: 16px; line-height: inherit; font-family: &quot;Work Sans&quot;, sans-serif; vertical-align: baseline; margin: 0px; padding: 0px; color: rgb(0, 0, 0); text-align: start; white-space: normal;\">ma\u00dfgeschneidert<\/span><span style=\"color: rgb(0, 0, 0); font-family: &quot;Work Sans&quot;, sans-serif; font-size: 16px; font-weight: 400; text-align: start; white-space: normal;\">&nbsp;f\u00fcr Sie&nbsp;<\/span><span style=\"border: 0px; font-variant-numeric: inherit; font-variant-east-asian: inherit; font-stretch: inherit; font-size: 16px; line-height: inherit; font-family: &quot;Work Sans&quot;, sans-serif; vertical-align: baseline; margin: 0px; padding: 0px; color: rgb(0, 0, 0); text-align: start; white-space: normal;\">auf Lager&nbsp;<\/span><span style=\"color: rgb(0, 0, 0); font-family: &quot;Work Sans&quot;, sans-serif; font-size: 16px; font-weight: 400; text-align: start; white-space: normal;\">vorzuhalten.<\/span><\/h3><\/div><\/div>\t\t<\/div>\n\t\t\t\t<\/div>\n\t\t\t\t\t\t<\/div>\n\t\t\t\t\t<\/div>\n\t\t<\/div>\n\t\t\t\t\t\t\t\t<\/div>\n\t\t\t\t\t<\/div>\n\t\t<\/section>\n\t\t\t\t\t\t\t\t\t<\/div>\n\t\t\t<\/div>\n\t\t\t\t\t<\/div>\n\t\t","protected":false},"excerpt":{"rendered":"<p>SIGNUM IST INDUSTRIEPARTNER VON GRUNDFOS Grundfos ist ein d\u00e4nischer Pumpenhersteller. [&hellip;]<\/p>\n","protected":false},"author":1,"featured_media":0,"parent":0,"menu_order":0,"comment_status":"closed","ping_status":"closed","template":"","meta":[],"_links":{"self":[{"href":"https:\/\/www.signum.at\/Newsletter\/wp-json\/wp\/v2\/pages\/7"}],"collection":[{"href":"https:\/\/www.signum.at\/Newsletter\/wp-json\/wp\/v2\/pages"}],"about":[{"href":"https:\/\/www.signum.at\/Newsletter\/wp-json\/wp\/v2\/types\/page"}],"author":[{"embeddable":true,"href":"https:\/\/www.signum.at\/Newsletter\/wp-json\/wp\/v2\/users\/1"}],"replies":[{"embeddable":true,"href":"https:\/\/www.signum.at\/Newsletter\/wp-json\/wp\/v2\/comments?post=7"}],"version-history":[{"count":17,"href":"https:\/\/www.signum.at\/Newsletter\/wp-json\/wp\/v2\/pages\/7\/revisions"}],"predecessor-version":[{"id":324,"href":"https:\/\/www.signum.at\/Newsletter\/wp-json\/wp\/v2\/pages\/7\/revisions\/324"}],"wp:attachment":[{"href":"https:\/\/www.signum.at\/Newsletter\/wp-json\/wp\/v2\/media?parent=7"}],"curies":[{"name":"wp","href":"https:\/\/api.w.org\/{rel}","templated":true}]}}